{"id":3,"date":"2024-07-18T15:09:46","date_gmt":"2024-07-18T15:09:46","guid":{"rendered":"https:\/\/cliniquedentairephysimed.com\/?page_id=3"},"modified":"2025-04-28T14:23:48","modified_gmt":"2025-04-28T14:23:48","slug":"privacy-policy","status":"publish","type":"page","link":"https:\/\/cliniquedentairephysimed.com\/fr\/privacy-policy\/","title":{"rendered":"Politique de protection de la vie priv\u00e9e"},"content":{"rendered":"<div data-elementor-type=\"wp-page\" data-elementor-id=\"3\" class=\"elementor elementor-3\" data-elementor-post-type=\"page\">\n\t\t\t\t<div class=\"elementor-element elementor-element-b25d04b e-con-full animated-slow e-flex elementor-invisible e-con e-parent\" data-id=\"b25d04b\" data-element_type=\"container\" data-e-type=\"container\" data-settings=\"{&quot;background_background&quot;:&quot;classic&quot;,&quot;animation&quot;:&quot;fadeIn&quot;}\">\n\t\t\t\t<\/div>\n\t\t<div class=\"elementor-element elementor-element-7d9af6e1 e-flex e-con-boxed e-con e-parent\" data-id=\"7d9af6e1\" data-element_type=\"container\" data-e-type=\"container\">\n\t\t\t\t\t<div class=\"e-con-inner\">\n\t\t\t\t<div class=\"elementor-element elementor-element-78946bbd elementor-widget elementor-widget-text-editor\" data-id=\"78946bbd\" data-element_type=\"widget\" data-e-type=\"widget\" data-widget_type=\"text-editor.default\">\n\t\t\t\t<div class=\"elementor-widget-container\">\n\t\t\t\t\t\t\t\t\t\n<p><strong>Date d'entr\u00e9e en vigueur :<\/strong> Le 13 septembre 2024<\/p>\n<p>Physimed Dentaire ( \u00bb nous \u201c, \u201d notre \u201c ou \u201d nos \u00bb) s'engage \u00e0 prot\u00e9ger la vie priv\u00e9e et les renseignements personnels de ses patients et des visiteurs de son site Web. Cette politique de confidentialit\u00e9 d\u00e9crit comment nous recueillons, utilisons et prot\u00e9geons vos informations lorsque vous visitez notre site Web ou utilisez nos services.<\/p>\n<p><strong>1. Les informations que nous collectons<\/strong><\/p>\n<p>Nous recueillons les informations personnelles que vous nous fournissez directement par l'interm\u00e9diaire de notre site web, y compris, mais sans s'y limiter :<\/p>\n<ul>\n<li>Nom<\/li>\n<li>Coordonn\u00e9es (courriel, num\u00e9ro de t\u00e9l\u00e9phone, adresse postale)<\/li>\n<li>Demandes de rendez-vous<\/li>\n<li>Ant\u00e9c\u00e9dents m\u00e9dicaux ou dentaires (lorsque cela est n\u00e9cessaire pour r\u00e9server ou fournir un traitement)<\/li>\n<\/ul>\n<p>En outre, nous pouvons collecter des informations techniques, telles que :<\/p>\n<ul>\n<li>Adresse IP<\/li>\n<li>Type et version du navigateur<\/li>\n<li>Pages you view on our website<\/li>\n<li>Site r\u00e9f\u00e9rent<\/li>\n<\/ul>\n<p><strong>2. Comment nous utilisons vos informations<\/strong><\/p>\n<p>Nous utilisons les informations que nous recueillons pour :<\/p>\n<ul>\n<li>Fixer des rendez-vous et communiquer avec vous au sujet de vos soins<\/li>\n<li>Fournir des informations sur nos services<\/li>\n<li>R\u00e9pondre aux demandes de renseignements et au retour d'information<\/li>\n<li>Am\u00e9liorer la fonctionnalit\u00e9 de notre site web et l'exp\u00e9rience de l'utilisateur<\/li>\n<li>Se conformer aux obligations juridiques<\/li>\n<\/ul>\n<p><strong>3. Partage des informations<\/strong><\/p>\n<p>Nous ne vendons ni ne partageons vos informations personnelles avec des tiers \u00e0 des fins de marketing. Cependant, nous pouvons partager vos informations avec<\/p>\n<ul>\n<li>les prestataires de services qui nous aident \u00e0 exploiter notre site web ou \u00e0 vous fournir des services (par exemple, l'assistance informatique, les processeurs de paiement)<\/li>\n<li>les professionnels de la sant\u00e9 impliqu\u00e9s dans vos soins, le cas \u00e9ch\u00e9ant<\/li>\n<li>les organismes charg\u00e9s de l'application de la loi ou de la r\u00e9glementation, si la loi l'exige<\/li>\n<\/ul>\n<p><strong>4. Conformit\u00e9 avec la loi 25<\/strong><\/p>\n<p class=\"translation-block\">Physimed Dentaire s'engage \u00e0 se conformer au projet de <strong>loi 25<\/strong> du Qu\u00e9bec, qui vise \u00e0 moderniser les lois sur la protection des renseignements personnels et \u00e0 renforcer la protection des renseignements personnels dans le secteur priv\u00e9. Conform\u00e9ment au projet de loi 25, nous nous assurons de ce qui suit :<\/p>\n<ul>\n<li class=\"translation-block\"><strong>Consentement:<\/strong> Nous obtenons votre consentement explicite avant de collecter ou d'utiliser vos informations personnelles, sauf dans les cas o\u00f9 la loi en dispose autrement.<\/li>\n<li><strong>Minimisation des donn\u00e9es :<\/strong> Nous ne recueillons que les informations personnelles n\u00e9cessaires \u00e0 la fourniture de nos services et veillons \u00e0 ce qu'elles soient utilis\u00e9es aux fins pour lesquelles elles ont \u00e9t\u00e9 recueillies.<\/li>\n<li class=\"translation-block\"><strong>Transparence:<\/strong> Nous vous informons clairement de la mani\u00e8re dont vos donn\u00e9es seront utilis\u00e9es et des personnes qui peuvent y avoir acc\u00e8s, y compris les prestataires de services ou les partenaires.<\/li>\n<li class=\"translation-block\"><strong>Mesures de s\u00e9curit\u00e9:<\/strong> Nous mettons en \u0153uvre des mesures de s\u00e9curit\u00e9 appropri\u00e9es pour prot\u00e9ger vos renseignements personnels, conform\u00e9ment aux exigences du projet de loi 25.<\/li>\n<li class=\"translation-block\"><strong>Acc\u00e8s aux donn\u00e9es et rectification:<\/strong> Vous avez le droit d'acc\u00e9der \u00e0 vos informations personnelles et de demander des corrections si l'une de ces informations est inexacte ou incompl\u00e8te.<\/li>\n<li><strong>Responsable de la protection des donn\u00e9es :<\/strong> Nous avons d\u00e9sign\u00e9 un responsable de la protection des donn\u00e9es pour veiller au respect du projet de loi 25 et r\u00e9pondre \u00e0 toute question ou pr\u00e9occupation relative \u00e0 la protection de vos renseignements personnels.<\/li>\n<\/ul>\n<p>Pour exercer l'un de ces droits ou pour toute autre question relative \u00e0 la conformit\u00e9 au projet de loi 25, veuillez contacter notre responsable de la protection des donn\u00e9es \u00e0 l'adresse suivante <strong>Celia Toledano<\/strong>, <span style=\"text-decoration: underline;\"><span style=\"color: #4f4f4f;\"><a style=\"color: #4f4f4f; text-decoration: underline;\" href=\"mailto:privacy-policy@physimeddentaire.com\">privacy-policy@physimeddenta<\/a><\/span><\/span><span style=\"text-decoration: underline;\"><span style=\"color: #4f4f4f;\"><a style=\"color: #4f4f4f; text-decoration: underline;\" href=\"mailto:privacy-policy@physimeddentaire.com\">ire.com<\/a><\/span><\/span><\/p>\n<p><strong>5. Cookies et technologies de suivi<\/strong><\/p>\n<p>Notre site web utilise des cookies et des technologies de suivi similaires pour am\u00e9liorer votre exp\u00e9rience de navigation. Les cookies sont de petits fichiers de donn\u00e9es plac\u00e9s sur votre appareil. Vous pouvez contr\u00f4ler ou d\u00e9sactiver les cookies par le biais des param\u00e8tres de votre navigateur, mais cela peut affecter la fonctionnalit\u00e9 de notre site web.<\/p>\n<p><strong>6. S\u00e9curit\u00e9 des donn\u00e9es<\/strong><\/p>\n<p>Nous prenons des pr\u00e9cautions raisonnables pour prot\u00e9ger vos informations personnelles contre tout acc\u00e8s, modification ou divulgation non autoris\u00e9s. Notre site web est s\u00e9curis\u00e9 \u00e0 l'aide de protocoles de s\u00e9curit\u00e9 conformes aux normes de l'industrie, et nous r\u00e9visons r\u00e9guli\u00e8rement nos pratiques afin de maintenir la s\u00e9curit\u00e9 de vos donn\u00e9es.<\/p>\n<p><strong>7. Vos droits<\/strong><\/p>\n<p>Selon l'endroit o\u00f9 vous vous trouvez, vous pouvez avoir le droit de :<\/p>\n<ul>\n<li>Acc\u00e9der, mettre \u00e0 jour ou supprimer vos informations personnelles<\/li>\n<li>S'opposer au traitement de vos donn\u00e9es<\/li>\n<li>Retirer \u00e0 tout moment son consentement \u00e0 l'utilisation de ses donn\u00e9es<\/li>\n<li>D\u00e9poser une plainte aupr\u00e8s d'une autorit\u00e9 de protection des donn\u00e9es<\/li>\n<\/ul>\n<p>Pour exercer ces droits, veuillez nous contacter \u00e0 l'adresse suivante <strong>Celia Toledano<\/strong>, <span style=\"text-decoration: underline;\"><span style=\"color: #4f4f4f; text-decoration: underline;\"><a style=\"color: #4f4f4f; text-decoration: underline;\" href=\"mailto:privacy-policy@physimeddentatire.com\">privacy-policy@physimeddentatire.com<\/a>.<\/span><\/span><\/p>\n<p><strong>8. Liens avec des tiers<\/strong><\/p>\n<p>Notre site web peut contenir des liens vers des sites web de tiers. La pr\u00e9sente politique de confidentialit\u00e9 ne s'applique pas \u00e0 ces sites web et nous ne sommes pas responsables de leur contenu ou de leurs pratiques en mati\u00e8re de confidentialit\u00e9.<\/p>\n<p><strong>9. Modifications de la pr\u00e9sente politique de protection de la vie priv\u00e9e<\/strong><\/p>\n<p>Nous pouvons mettre \u00e0 jour la pr\u00e9sente politique de confidentialit\u00e9 de temps \u00e0 autre. Toute modification sera publi\u00e9e sur cette page et la date de mise \u00e0 jour sera indiqu\u00e9e en haut de la page. Nous vous encourageons \u00e0 consulter r\u00e9guli\u00e8rement cette politique.<\/p>\n<p><strong>10. Nous contacter<\/strong><\/p>\n<p>Si vous avez des questions ou des inqui\u00e9tudes concernant la pr\u00e9sente politique de confidentialit\u00e9 ou la mani\u00e8re dont nous traitons vos informations personnelles, veuillez nous contacter \u00e0 l'adresse suivante<\/p>\n<p><strong>Physimed Dentaire<\/strong><br \/>6363 Trans Canada Route #115, Saint-Laurent, Quebec H4T 1Z9<br \/><span style=\"text-decoration: underline;\"><span style=\"color: #4f4f4f;\"><a style=\"color: #4f4f4f; text-decoration: underline;\" href=\"mailto:privacy-policy@physimeddentaire.com\">privacy-policy@physimeddentaire.com<\/a><\/span><\/span><br \/>514-747-4040<\/p>\t\t\t\t\t\t\t\t<\/div>\n\t\t\t\t<\/div>\n\t\t\t\t\t<\/div>\n\t\t\t\t<\/div>\n\t\t\t\t<\/div>","protected":false},"excerpt":{"rendered":"<p>Effective Date: September 13, 2024 Physimed Dentaire (&#8220;we,&#8221; &#8220;our,&#8221; or &#8220;us&#8221;) is committed to protecting the privacy and personal information of our patients and website visitors. This Privacy Policy outlines how we collect, use, and protect your information when you visit our website or use our services. 1. Information We Collect We collect personal information [&hellip;]<\/p>\n","protected":false},"author":1,"featured_media":0,"parent":0,"menu_order":0,"comment_status":"closed","ping_status":"open","template":"","meta":{"_monsterinsights_skip_tracking":false,"_monsterinsights_sitenote_active":false,"_monsterinsights_sitenote_note":"","_monsterinsights_sitenote_category":0,"_uf_show_specific_survey":0,"_uf_disable_surveys":false,"footnotes":""},"class_list":["post-3","page","type-page","status-publish","hentry"],"aioseo_notices":[],"_links":{"self":[{"href":"https:\/\/cliniquedentairephysimed.com\/fr\/wp-json\/wp\/v2\/pages\/3","targetHints":{"allow":["GET"]}}],"collection":[{"href":"https:\/\/cliniquedentairephysimed.com\/fr\/wp-json\/wp\/v2\/pages"}],"about":[{"href":"https:\/\/cliniquedentairephysimed.com\/fr\/wp-json\/wp\/v2\/types\/page"}],"author":[{"embeddable":true,"href":"https:\/\/cliniquedentairephysimed.com\/fr\/wp-json\/wp\/v2\/users\/1"}],"replies":[{"embeddable":true,"href":"https:\/\/cliniquedentairephysimed.com\/fr\/wp-json\/wp\/v2\/comments?post=3"}],"version-history":[{"count":30,"href":"https:\/\/cliniquedentairephysimed.com\/fr\/wp-json\/wp\/v2\/pages\/3\/revisions"}],"predecessor-version":[{"id":3165,"href":"https:\/\/cliniquedentairephysimed.com\/fr\/wp-json\/wp\/v2\/pages\/3\/revisions\/3165"}],"wp:attachment":[{"href":"https:\/\/cliniquedentairephysimed.com\/fr\/wp-json\/wp\/v2\/media?parent=3"}],"curies":[{"name":"wp","href":"https:\/\/api.w.org\/{rel}","templated":true}]}}